{"id":12861,"date":"2026-02-21T15:18:25","date_gmt":"2026-02-21T12:18:25","guid":{"rendered":"https:\/\/ndsmakine.com\/?page_id=12861"},"modified":"2026-02-21T17:47:08","modified_gmt":"2026-02-21T14:47:08","slug":"urunlerimiz-2","status":"publish","type":"page","link":"https:\/\/ndsmakine.com\/index.php\/urunlerimiz-2\/","title":{"rendered":"\u00fcr\u00fcnlerimiz 2"},"content":{"rendered":"","protected":false},"excerpt":{"rendered":"Ana Sayfa G\u00f6rseller \u0130let\u0130\u015e\u0130M","protected":false},"author":1,"featured_media":0,"parent":0,"menu_order":0,"comment_status":"closed","ping_status":"closed","template":"elementor_canvas","meta":{"saved_in_kubio":true,"footnotes":""},"class_list":["post-12861","page","type-page","status-publish","hentry"],"kubio_ai_page_context":{"short_desc":"","purpose":"general"},"_links":{"self":[{"href":"https:\/\/ndsmakine.com\/index.php\/wp-json\/wp\/v2\/pages\/12861","targetHints":{"allow":["GET"]}}],"collection":[{"href":"https:\/\/ndsmakine.com\/index.php\/wp-json\/wp\/v2\/pages"}],"about":[{"href":"https:\/\/ndsmakine.com\/index.php\/wp-json\/wp\/v2\/types\/page"}],"author":[{"embeddable":true,"href":"https:\/\/ndsmakine.com\/index.php\/wp-json\/wp\/v2\/users\/1"}],"replies":[{"embeddable":true,"href":"https:\/\/ndsmakine.com\/index.php\/wp-json\/wp\/v2\/comments?post=12861"}],"version-history":[{"count":3,"href":"https:\/\/ndsmakine.com\/index.php\/wp-json\/wp\/v2\/pages\/12861\/revisions"}],"predecessor-version":[{"id":12873,"href":"https:\/\/ndsmakine.com\/index.php\/wp-json\/wp\/v2\/pages\/12861\/revisions\/12873"}],"wp:attachment":[{"href":"https:\/\/ndsmakine.com\/index.php\/wp-json\/wp\/v2\/media?parent=12861"}],"curies":[{"name":"wp","href":"https:\/\/api.w.org\/{rel}","templated":true}]}}