{"id":12514,"date":"2025-11-24T22:34:11","date_gmt":"2025-11-24T19:34:11","guid":{"rendered":"https:\/\/ndsmakine.com\/index.php\/front_page\/"},"modified":"2026-04-11T23:42:39","modified_gmt":"2026-04-11T20:42:39","slug":"front_page","status":"publish","type":"page","link":"https:\/\/ndsmakine.com\/","title":{"rendered":"Home"},"content":{"rendered":"\n\n\n\n\n\n\n\n\n\n\n\n\n\n\n\n\n\n\n\n","protected":false},"excerpt":{"rendered":"Duyarl\u0131 Tasar\u0131m \u0130htiyaca g\u00f6re geli\u015ftirilen, \u00e7evresel ko\u015fullara anl\u0131k uyum sa\u011flayan ak\u0131ll\u0131 sistemler. Yenilik\u00e7i Teknoloji G\u00fcncel otomasyon ve iklimlendirme teknolojileriyle y\u00fcksek verim ve hassas kontrol. G\u00fc\u00e7l\u00fc Teknik Destek Proje \u00f6ncesinden sat\u0131\u015f sonras\u0131na kadar kesintisiz, h\u0131zl\u0131 ve uzaman teknik destek. Hakk\u0131m\u0131zda Hassas alanlar i\u00e7in ak\u0131ll\u0131 \u00e7\u00f6z\u00fcmler. 2014 y\u0131l\u0131ndan bu yana makine otomasyonu ve iklimlendirme alanlar\u0131nda faaliyet g\u00f6steren, [...]","protected":false},"author":1,"featured_media":0,"parent":0,"menu_order":0,"comment_status":"closed","ping_status":"closed","template":"","meta":{"saved_in_kubio":true,"footnotes":""},"class_list":["post-12514","page","type-page","status-publish","hentry"],"kubio_ai_page_context":{"short_desc":"","purpose":"general"},"_links":{"self":[{"href":"https:\/\/ndsmakine.com\/index.php\/wp-json\/wp\/v2\/pages\/12514","targetHints":{"allow":["GET"]}}],"collection":[{"href":"https:\/\/ndsmakine.com\/index.php\/wp-json\/wp\/v2\/pages"}],"about":[{"href":"https:\/\/ndsmakine.com\/index.php\/wp-json\/wp\/v2\/types\/page"}],"author":[{"embeddable":true,"href":"https:\/\/ndsmakine.com\/index.php\/wp-json\/wp\/v2\/users\/1"}],"replies":[{"embeddable":true,"href":"https:\/\/ndsmakine.com\/index.php\/wp-json\/wp\/v2\/comments?post=12514"}],"version-history":[{"count":57,"href":"https:\/\/ndsmakine.com\/index.php\/wp-json\/wp\/v2\/pages\/12514\/revisions"}],"predecessor-version":[{"id":12901,"href":"https:\/\/ndsmakine.com\/index.php\/wp-json\/wp\/v2\/pages\/12514\/revisions\/12901"}],"wp:attachment":[{"href":"https:\/\/ndsmakine.com\/index.php\/wp-json\/wp\/v2\/media?parent=12514"}],"curies":[{"name":"wp","href":"https:\/\/api.w.org\/{rel}","templated":true}]}}